{"id":1416,"date":"2024-10-27T13:48:15","date_gmt":"2024-10-27T13:48:15","guid":{"rendered":"https:\/\/thecorgibet.com\/contact\/"},"modified":"2026-01-21T09:39:38","modified_gmt":"2026-01-21T09:39:38","slug":"contacto","status":"publish","type":"page","link":"https:\/\/thecorgibet.com\/pt-pt\/contacto\/","title":{"rendered":"Contacto"},"content":{"rendered":"<h1>Contactar-nos<\/h1>\n\n<div class=\"wpcf7 no-js\" id=\"wpcf7-f318-o1\" lang=\"de-DE\" dir=\"ltr\" data-wpcf7-id=\"318\">\n<div class=\"screen-reader-response\"><p role=\"status\" aria-live=\"polite\" aria-atomic=\"true\"><\/p> <ul><\/ul><\/div>\n<form action=\"\/pt-pt\/wp-json\/wp\/v2\/pages\/1416#wpcf7-f318-o1\" method=\"post\" class=\"wpcf7-form init\" aria-label=\"Kontaktformular\" novalidate=\"novalidate\" data-status=\"init\">\n<div style=\"display: none;\">\n<input type=\"hidden\" name=\"_wpcf7\" value=\"318\" \/>\n<input type=\"hidden\" name=\"_wpcf7_version\" value=\"6.0.4\" \/>\n<input type=\"hidden\" name=\"_wpcf7_locale\" value=\"de_DE\" \/>\n<input type=\"hidden\" name=\"_wpcf7_unit_tag\" value=\"wpcf7-f318-o1\" \/>\n<input type=\"hidden\" name=\"_wpcf7_container_post\" value=\"0\" \/>\n<input type=\"hidden\" name=\"_wpcf7_posted_data_hash\" value=\"\" \/>\n<\/div>\n<label> O seu nome\n    <input size=\"40\" maxlength=\"400\" class=\"wpcf7-form-control wpcf7-text wpcf7-validates-as-required\" autocomplete=\"name\" aria-required=\"true\" aria-invalid=\"false\" value=\"\" type=\"text\" name=\"your-name\" \/> \n<\/label>\n\n<label> O seu correio eletr\u00f3nico\n    <input size=\"40\" maxlength=\"400\" class=\"wpcf7-form-control wpcf7-email wpcf7-validates-as-required wpcf7-text wpcf7-validates-as-email\" autocomplete=\"email\" aria-required=\"true\" aria-invalid=\"false\" value=\"\" type=\"email\" name=\"your-email\" \/> \n<\/label>\n\n<label> A sua mensagem\n    <textarea cols=\"40\" rows=\"10\" maxlength=\"2000\" class=\"wpcf7-form-control wpcf7-textarea\" aria-invalid=\"false\" name=\"your-message\"><\/textarea> \n<\/label>\n\n<input class=\"wpcf7-form-control wpcf7-submit has-spinner btn btn-orange rounded-pill btn-zoomin px-4 fw-bold\" type=\"submit\" value=\"Enviar\" \/><div class=\"wpcf7-response-output\" aria-hidden=\"true\"><\/div>\n<\/form>\n<\/div>\n\n","protected":false},"excerpt":{"rendered":"<p>Contactar-nos<\/p>\n","protected":false},"author":1,"featured_media":0,"parent":0,"menu_order":0,"comment_status":"closed","ping_status":"closed","template":"template-builder.php","meta":{"_acf_changed":false,"inline_featured_image":false,"footnotes":""},"class_list":["post-1416","page","type-page","status-publish","hentry"],"acf":[],"yoast_head":"<!-- This site is optimized with the Yoast SEO plugin v24.4 - https:\/\/yoast.com\/wordpress\/plugins\/seo\/ -->\n<title>Contactar-nos<\/title>\n<meta name=\"description\" content=\"Contacte-nos para quaisquer quest\u00f5es ou assist\u00eancia. Preencha o formul\u00e1rio e a nossa equipa de apoio entrar\u00e1 em contacto consigo de imediato para resolver as suas quest\u00f5es.\" \/>\n<meta name=\"robots\" content=\"index, follow, max-snippet:-1, max-image-preview:large, max-video-preview:-1\" \/>\n<link rel=\"canonical\" href=\"https:\/\/thecorgibet.com\/pt-pt\/contacto\/\" \/>\n<meta property=\"og:locale\" content=\"pt_PT\" \/>\n<meta property=\"og:type\" content=\"article\" \/>\n<meta property=\"og:title\" content=\"Contactar-nos\" \/>\n<meta property=\"og:description\" content=\"Contacte-nos para quaisquer quest\u00f5es ou assist\u00eancia. Preencha o formul\u00e1rio e a nossa equipa de apoio entrar\u00e1 em contacto consigo de imediato para resolver as suas quest\u00f5es.\" \/>\n<meta property=\"og:url\" content=\"https:\/\/thecorgibet.com\/pt-pt\/contacto\/\" \/>\n<meta property=\"og:site_name\" content=\"corgibet\" \/>\n<meta property=\"article:modified_time\" content=\"2026-01-21T09:39:38+00:00\" \/>\n<meta name=\"twitter:card\" content=\"summary_large_image\" \/>\n<meta name=\"twitter:label1\" content=\"Est. reading time\" \/>\n\t<meta name=\"twitter:data1\" content=\"1 minuto\" \/>\n<script type=\"application\/ld+json\" class=\"yoast-schema-graph\">{\"@context\":\"https:\/\/schema.org\",\"@graph\":[{\"@type\":\"WebPage\",\"@id\":\"https:\/\/thecorgibet.com\/pt-pt\/contacto\/\",\"url\":\"https:\/\/thecorgibet.com\/pt-pt\/contacto\/\",\"name\":\"Contactar-nos\",\"isPartOf\":{\"@id\":\"https:\/\/thecorgibet.com\/pt-pt\/#website\"},\"datePublished\":\"2024-10-27T13:48:15+00:00\",\"dateModified\":\"2026-01-21T09:39:38+00:00\",\"description\":\"Contacte-nos para quaisquer quest\u00f5es ou assist\u00eancia. Preencha o formul\u00e1rio e a nossa equipa de apoio entrar\u00e1 em contacto consigo de imediato para resolver as suas quest\u00f5es.\",\"breadcrumb\":{\"@id\":\"https:\/\/thecorgibet.com\/pt-pt\/contacto\/#breadcrumb\"},\"inLanguage\":\"pt-PT\",\"potentialAction\":[{\"@type\":\"ReadAction\",\"target\":[\"https:\/\/thecorgibet.com\/pt-pt\/contacto\/\"]}]},{\"@type\":\"BreadcrumbList\",\"@id\":\"https:\/\/thecorgibet.com\/pt-pt\/contacto\/#breadcrumb\",\"itemListElement\":[{\"@type\":\"ListItem\",\"position\":1,\"name\":\"Corgibet\",\"item\":\"https:\/\/thecorgibet.com\/pt-pt\/\"},{\"@type\":\"ListItem\",\"position\":2,\"name\":\"Contacto\"}]},{\"@type\":\"WebSite\",\"@id\":\"https:\/\/thecorgibet.com\/pt-pt\/#website\",\"url\":\"https:\/\/thecorgibet.com\/pt-pt\/\",\"name\":\"Corgibet\",\"description\":\"\",\"publisher\":{\"@id\":\"https:\/\/thecorgibet.com\/pt-pt\/#organization\"},\"potentialAction\":[{\"@type\":\"SearchAction\",\"target\":{\"@type\":\"EntryPoint\",\"urlTemplate\":\"https:\/\/thecorgibet.com\/pt-pt\/?s={search_term_string}\"},\"query-input\":{\"@type\":\"PropertyValueSpecification\",\"valueRequired\":true,\"valueName\":\"search_term_string\"}}],\"inLanguage\":\"pt-PT\"},{\"@type\":\"Organization\",\"@id\":\"https:\/\/thecorgibet.com\/pt-pt\/#organization\",\"name\":\"Corgibet\",\"url\":\"https:\/\/thecorgibet.com\/pt-pt\/\",\"logo\":{\"@type\":\"ImageObject\",\"inLanguage\":\"pt-PT\",\"@id\":\"https:\/\/thecorgibet.com\/pt-pt\/#\/schema\/logo\/image\/\",\"url\":\"https:\/\/thecorgibet.com\/wp-content\/uploads\/2026\/01\/Casino-logo-Mobile-2.svg\",\"contentUrl\":\"https:\/\/thecorgibet.com\/wp-content\/uploads\/2026\/01\/Casino-logo-Mobile-2.svg\",\"width\":47,\"height\":24,\"caption\":\"Corgibet\"},\"image\":{\"@id\":\"https:\/\/thecorgibet.com\/pt-pt\/#\/schema\/logo\/image\/\"}}]}<\/script>\n<!-- \/ Yoast SEO plugin. -->","yoast_head_json":{"title":"Contactar-nos","description":"Contacte-nos para quaisquer quest\u00f5es ou assist\u00eancia. Preencha o formul\u00e1rio e a nossa equipa de apoio entrar\u00e1 em contacto consigo de imediato para resolver as suas quest\u00f5es.","robots":{"index":"index","follow":"follow","max-snippet":"max-snippet:-1","max-image-preview":"max-image-preview:large","max-video-preview":"max-video-preview:-1"},"canonical":"https:\/\/thecorgibet.com\/pt-pt\/contacto\/","og_locale":"pt_PT","og_type":"article","og_title":"Contactar-nos","og_description":"Contacte-nos para quaisquer quest\u00f5es ou assist\u00eancia. Preencha o formul\u00e1rio e a nossa equipa de apoio entrar\u00e1 em contacto consigo de imediato para resolver as suas quest\u00f5es.","og_url":"https:\/\/thecorgibet.com\/pt-pt\/contacto\/","og_site_name":"corgibet","article_modified_time":"2026-01-21T09:39:38+00:00","twitter_card":"summary_large_image","twitter_misc":{"Est. reading time":"1 minuto"},"schema":{"@context":"https:\/\/schema.org","@graph":[{"@type":"WebPage","@id":"https:\/\/thecorgibet.com\/pt-pt\/contacto\/","url":"https:\/\/thecorgibet.com\/pt-pt\/contacto\/","name":"Contactar-nos","isPartOf":{"@id":"https:\/\/thecorgibet.com\/pt-pt\/#website"},"datePublished":"2024-10-27T13:48:15+00:00","dateModified":"2026-01-21T09:39:38+00:00","description":"Contacte-nos para quaisquer quest\u00f5es ou assist\u00eancia. Preencha o formul\u00e1rio e a nossa equipa de apoio entrar\u00e1 em contacto consigo de imediato para resolver as suas quest\u00f5es.","breadcrumb":{"@id":"https:\/\/thecorgibet.com\/pt-pt\/contacto\/#breadcrumb"},"inLanguage":"pt-PT","potentialAction":[{"@type":"ReadAction","target":["https:\/\/thecorgibet.com\/pt-pt\/contacto\/"]}]},{"@type":"BreadcrumbList","@id":"https:\/\/thecorgibet.com\/pt-pt\/contacto\/#breadcrumb","itemListElement":[{"@type":"ListItem","position":1,"name":"Corgibet","item":"https:\/\/thecorgibet.com\/pt-pt\/"},{"@type":"ListItem","position":2,"name":"Contacto"}]},{"@type":"WebSite","@id":"https:\/\/thecorgibet.com\/pt-pt\/#website","url":"https:\/\/thecorgibet.com\/pt-pt\/","name":"Corgibet","description":"","publisher":{"@id":"https:\/\/thecorgibet.com\/pt-pt\/#organization"},"potentialAction":[{"@type":"SearchAction","target":{"@type":"EntryPoint","urlTemplate":"https:\/\/thecorgibet.com\/pt-pt\/?s={search_term_string}"},"query-input":{"@type":"PropertyValueSpecification","valueRequired":true,"valueName":"search_term_string"}}],"inLanguage":"pt-PT"},{"@type":"Organization","@id":"https:\/\/thecorgibet.com\/pt-pt\/#organization","name":"Corgibet","url":"https:\/\/thecorgibet.com\/pt-pt\/","logo":{"@type":"ImageObject","inLanguage":"pt-PT","@id":"https:\/\/thecorgibet.com\/pt-pt\/#\/schema\/logo\/image\/","url":"https:\/\/thecorgibet.com\/wp-content\/uploads\/2026\/01\/Casino-logo-Mobile-2.svg","contentUrl":"https:\/\/thecorgibet.com\/wp-content\/uploads\/2026\/01\/Casino-logo-Mobile-2.svg","width":47,"height":24,"caption":"Corgibet"},"image":{"@id":"https:\/\/thecorgibet.com\/pt-pt\/#\/schema\/logo\/image\/"}}]}},"_links":{"self":[{"href":"https:\/\/thecorgibet.com\/pt-pt\/wp-json\/wp\/v2\/pages\/1416"}],"collection":[{"href":"https:\/\/thecorgibet.com\/pt-pt\/wp-json\/wp\/v2\/pages"}],"about":[{"href":"https:\/\/thecorgibet.com\/pt-pt\/wp-json\/wp\/v2\/types\/page"}],"author":[{"embeddable":true,"href":"https:\/\/thecorgibet.com\/pt-pt\/wp-json\/wp\/v2\/users\/1"}],"replies":[{"embeddable":true,"href":"https:\/\/thecorgibet.com\/pt-pt\/wp-json\/wp\/v2\/comments?post=1416"}],"version-history":[{"count":2,"href":"https:\/\/thecorgibet.com\/pt-pt\/wp-json\/wp\/v2\/pages\/1416\/revisions"}],"predecessor-version":[{"id":1682,"href":"https:\/\/thecorgibet.com\/pt-pt\/wp-json\/wp\/v2\/pages\/1416\/revisions\/1682"}],"wp:attachment":[{"href":"https:\/\/thecorgibet.com\/pt-pt\/wp-json\/wp\/v2\/media?parent=1416"}],"curies":[{"name":"wp","href":"https:\/\/api.w.org\/{rel}","templated":true}]}}