{"id":1435,"date":"2024-10-27T11:38:29","date_gmt":"2024-10-27T11:38:29","guid":{"rendered":"https:\/\/thecorgibet.com\/privacy-policy\/"},"modified":"2026-01-21T09:43:18","modified_gmt":"2026-01-21T09:43:18","slug":"politica-de-privacidade","status":"publish","type":"page","link":"https:\/\/thecorgibet.com\/pt-pt\/politica-de-privacidade\/","title":{"rendered":"Pol\u00edtica de privacidade"},"content":{"rendered":"\r\n<h1 class=\"wp-block-heading\"><\/h1>\r\n<h1 class=\"wp-block-heading\">Pol\u00edtica de privacidade<\/h1>\r\n<h2>Quem somos<\/h2>\r\n<p>O endere\u00e7o do nosso s\u00edtio Web \u00e9: thecorgibet.com.<\/p>\r\n<h2>Coment\u00e1rios<\/h2>\r\n<p>Quando os visitantes deixam coment\u00e1rios no s\u00edtio, recolhemos os dados apresentados no formul\u00e1rio de coment\u00e1rios, bem como o endere\u00e7o IP e a cadeia de agentes do utilizador dos visitantes, para ajudar a detetar spam.<\/p>\r\n<p>Uma cadeia an\u00f3nima criada a partir do seu endere\u00e7o de e-mail (tamb\u00e9m designada por hash) pode ser fornecida ao servi\u00e7o Gravatar para verificar se o utilizador o est\u00e1 a utilizar. A pol\u00edtica de privacidade do Gravatar est\u00e1 dispon\u00edvel aqui: https:\/\/automattic.com\/privacy\/. Quando o seu coment\u00e1rio for aprovado, a sua imagem de perfil ficar\u00e1 vis\u00edvel para o p\u00fablico no contexto do seu coment\u00e1rio.<\/p>\r\n<h2>Ficheiros multim\u00e9dia<\/h2>\r\n<p>Se carregar imagens para o s\u00edtio, deve evitar carregar imagens com dados de localiza\u00e7\u00e3o incorporados (EXIF GPS). Os visitantes do s\u00edtio podem descarregar e extrair quaisquer dados de localiza\u00e7\u00e3o das imagens do s\u00edtio.<\/p>\r\n<h2>Biscoitos<\/h2>\r\n<p>Se deixar um coment\u00e1rio no nosso site, pode optar por guardar o seu nome, endere\u00e7o de correio eletr\u00f3nico e s\u00edtio Web nos cookies. Isto \u00e9 para sua conveni\u00eancia, para que n\u00e3o tenha de preencher os seus dados novamente quando deixar o seu pr\u00f3ximo coment\u00e1rio. Estes cookies t\u00eam a dura\u00e7\u00e3o de 1 ano.<\/p>\r\n<p>Se tiver uma conta no s\u00edtio e iniciar sess\u00e3o, definiremos um cookie tempor\u00e1rio para determinar se o seu browser suporta cookies, o cookie n\u00e3o cont\u00e9m dados pessoais e \u00e9 eliminado quando fecha o browser.<\/p>\r\n<p>Quando iniciar sess\u00e3o, tamb\u00e9m definimos v\u00e1rios cookies para guardar informa\u00e7\u00f5es sobre o seu in\u00edcio de sess\u00e3o e as defini\u00e7\u00f5es do seu ecr\u00e3. Os cookies de in\u00edcio de sess\u00e3o duram 2 dias e os cookies de defini\u00e7\u00f5es de ecr\u00e3 duram 1 ano. Se selecionar &#8220;Lembrar-me&#8221;, o seu in\u00edcio de sess\u00e3o durar\u00e1 2 semanas. Se terminar a sess\u00e3o na sua conta, os cookies de in\u00edcio de sess\u00e3o ser\u00e3o eliminados.<\/p>\r\n<p>Se editar ou publicar um artigo, ser\u00e1 guardado um cookie adicional no seu browser. Este cookie n\u00e3o cont\u00e9m dados pessoais e indica simplesmente o ID de publica\u00e7\u00e3o do artigo que acabou de editar. Expira dentro de 1 dia.<\/p>\r\n<h2>Conte\u00fado incorporado de outros s\u00edtios Web<\/h2>\r\n<p>Os artigos deste s\u00edtio podem conter conte\u00fados incorporados (por exemplo, v\u00eddeos, imagens, artigos, etc.). O conte\u00fado incorporado de outros s\u00edtios Web comporta-se exatamente da mesma forma como se o utilizador tivesse visitado o outro s\u00edtio Web.<\/p>\r\n<p>Estes s\u00edtios podem recolher dados sobre o utilizador, utilizar cookies, incorporar aplica\u00e7\u00f5es de rastreio de terceiros e rastrear a sua intera\u00e7\u00e3o com esse conte\u00fado incorporado. Em particular, rastreiam a sua intera\u00e7\u00e3o com o conte\u00fado incorporado se tiver uma conta e estiver ligado a esse s\u00edtio Web.<\/p>\r\n<h2>Com quem partilhamos os seus dados?<\/h2>\r\n<p>Se solicitar uma reposi\u00e7\u00e3o da palavra-passe, o seu endere\u00e7o IP ser\u00e1 inclu\u00eddo na mensagem de correio eletr\u00f3nico de reposi\u00e7\u00e3o da palavra-passe.<\/p>\r\n<h2>Durante quanto tempo conservamos os seus dados?<\/h2>\r\n<p>Se deixar um coment\u00e1rio, o coment\u00e1rio e os seus metadados s\u00e3o guardados indefinidamente. Isto permite-nos identificar e aprovar automaticamente quaisquer coment\u00e1rios subsequentes, em vez de os manter numa fila de modera\u00e7\u00e3o.<\/p>\r\n<p>Para os utilizadores que se registam no nosso site (caso existam), guardamos as informa\u00e7\u00f5es pessoais que fornecem no seu perfil de utilizador. Todos os utilizadores podem ver, editar ou eliminar as suas informa\u00e7\u00f5es pessoais em qualquer altura (exceto que n\u00e3o podem alterar o seu nome de utilizador). Os administradores do s\u00edtio tamb\u00e9m podem ver e editar essas informa\u00e7\u00f5es.<\/p>\r\n<h2>Quais s\u00e3o os seus direitos relativamente aos seus dados?<\/h2>\r\n<p>Se tiver uma conta neste s\u00edtio ou tiver deixado coment\u00e1rios, pode pedir para receber um ficheiro exportado dos dados pessoais que temos sobre si, incluindo quaisquer dados que nos tenha fornecido. Tamb\u00e9m pode solicitar a elimina\u00e7\u00e3o de quaisquer dados pessoais que tenhamos sobre si. Isto n\u00e3o inclui quaisquer dados que sejamos obrigados a manter para fins administrativos, legais ou de seguran\u00e7a.<\/p>\r\n<h2>Para onde s\u00e3o enviados os seus dados<\/h2>\r\n<p>Os coment\u00e1rios dos visitantes podem ser verificados atrav\u00e9s de um servi\u00e7o autom\u00e1tico de dete\u00e7\u00e3o de spam.<\/p>\r\n","protected":false},"excerpt":{"rendered":"<p>Pol\u00edtica de privacidade Quem somos O endere\u00e7o do nosso s\u00edtio Web \u00e9: thecorgibet.com. Coment\u00e1rios Quando os visitantes deixam coment\u00e1rios no s\u00edtio, recolhemos os dados apresentados no formul\u00e1rio de coment\u00e1rios, bem como o endere\u00e7o IP e a cadeia de agentes do utilizador dos visitantes, para ajudar a detetar spam. Uma cadeia an\u00f3nima criada a partir do [&hellip;]<\/p>\n","protected":false},"author":1,"featured_media":0,"parent":0,"menu_order":0,"comment_status":"closed","ping_status":"open","template":"template-builder.php","meta":{"_acf_changed":false,"inline_featured_image":false,"footnotes":""},"class_list":["post-1435","page","type-page","status-publish","hentry"],"acf":[],"yoast_head":"<!-- This site is optimized with the Yoast SEO plugin v24.4 - https:\/\/yoast.com\/wordpress\/plugins\/seo\/ -->\n<title>Pol\u00edtica de privacidade<\/title>\n<meta name=\"description\" content=\"Descobrir a Pol\u00edtica de Privacidade: como os teus dados pessoais s\u00e3o recolhidos, utilizados e protegidos para garantir uma experi\u00eancia de jogo segura.\" \/>\n<meta name=\"robots\" content=\"noindex, follow\" \/>\n<meta property=\"og:locale\" content=\"pt_PT\" \/>\n<meta property=\"og:type\" content=\"article\" \/>\n<meta property=\"og:title\" content=\"Pol\u00edtica de privacidade\" \/>\n<meta property=\"og:description\" content=\"Descobrir a Pol\u00edtica de Privacidade: como os teus dados pessoais s\u00e3o recolhidos, utilizados e protegidos para garantir uma experi\u00eancia de jogo segura.\" \/>\n<meta property=\"og:url\" content=\"https:\/\/thecorgibet.com\/pt-pt\/politica-de-privacidade\/\" \/>\n<meta property=\"og:site_name\" content=\"corgibet\" \/>\n<meta property=\"article:modified_time\" content=\"2026-01-21T09:43:18+00:00\" \/>\n<meta name=\"twitter:card\" content=\"summary_large_image\" \/>\n<meta name=\"twitter:label1\" content=\"Est. reading time\" \/>\n\t<meta name=\"twitter:data1\" content=\"3 minutos\" \/>\n<script type=\"application\/ld+json\" class=\"yoast-schema-graph\">{\"@context\":\"https:\/\/schema.org\",\"@graph\":[{\"@type\":\"WebPage\",\"@id\":\"https:\/\/thecorgibet.com\/pt-pt\/politica-de-privacidade\/\",\"url\":\"https:\/\/thecorgibet.com\/pt-pt\/politica-de-privacidade\/\",\"name\":\"Pol\u00edtica de privacidade\",\"isPartOf\":{\"@id\":\"https:\/\/thecorgibet.com\/pt-pt\/#website\"},\"datePublished\":\"2024-10-27T11:38:29+00:00\",\"dateModified\":\"2026-01-21T09:43:18+00:00\",\"description\":\"Descobrir a Pol\u00edtica de Privacidade: como os teus dados pessoais s\u00e3o recolhidos, utilizados e protegidos para garantir uma experi\u00eancia de jogo segura.\",\"breadcrumb\":{\"@id\":\"https:\/\/thecorgibet.com\/pt-pt\/politica-de-privacidade\/#breadcrumb\"},\"inLanguage\":\"pt-PT\",\"potentialAction\":[{\"@type\":\"ReadAction\",\"target\":[\"https:\/\/thecorgibet.com\/pt-pt\/politica-de-privacidade\/\"]}]},{\"@type\":\"BreadcrumbList\",\"@id\":\"https:\/\/thecorgibet.com\/pt-pt\/politica-de-privacidade\/#breadcrumb\",\"itemListElement\":[{\"@type\":\"ListItem\",\"position\":1,\"name\":\"Corgibet\",\"item\":\"https:\/\/thecorgibet.com\/pt-pt\/\"},{\"@type\":\"ListItem\",\"position\":2,\"name\":\"Pol\u00edtica de privacidade\"}]},{\"@type\":\"WebSite\",\"@id\":\"https:\/\/thecorgibet.com\/pt-pt\/#website\",\"url\":\"https:\/\/thecorgibet.com\/pt-pt\/\",\"name\":\"Corgibet\",\"description\":\"\",\"publisher\":{\"@id\":\"https:\/\/thecorgibet.com\/pt-pt\/#organization\"},\"potentialAction\":[{\"@type\":\"SearchAction\",\"target\":{\"@type\":\"EntryPoint\",\"urlTemplate\":\"https:\/\/thecorgibet.com\/pt-pt\/?s={search_term_string}\"},\"query-input\":{\"@type\":\"PropertyValueSpecification\",\"valueRequired\":true,\"valueName\":\"search_term_string\"}}],\"inLanguage\":\"pt-PT\"},{\"@type\":\"Organization\",\"@id\":\"https:\/\/thecorgibet.com\/pt-pt\/#organization\",\"name\":\"Corgibet\",\"url\":\"https:\/\/thecorgibet.com\/pt-pt\/\",\"logo\":{\"@type\":\"ImageObject\",\"inLanguage\":\"pt-PT\",\"@id\":\"https:\/\/thecorgibet.com\/pt-pt\/#\/schema\/logo\/image\/\",\"url\":\"https:\/\/thecorgibet.com\/wp-content\/uploads\/2026\/01\/Casino-logo-Mobile-2.svg\",\"contentUrl\":\"https:\/\/thecorgibet.com\/wp-content\/uploads\/2026\/01\/Casino-logo-Mobile-2.svg\",\"width\":47,\"height\":24,\"caption\":\"Corgibet\"},\"image\":{\"@id\":\"https:\/\/thecorgibet.com\/pt-pt\/#\/schema\/logo\/image\/\"}}]}<\/script>\n<!-- \/ Yoast SEO plugin. -->","yoast_head_json":{"title":"Pol\u00edtica de privacidade","description":"Descobrir a Pol\u00edtica de Privacidade: como os teus dados pessoais s\u00e3o recolhidos, utilizados e protegidos para garantir uma experi\u00eancia de jogo segura.","robots":{"index":"noindex","follow":"follow"},"og_locale":"pt_PT","og_type":"article","og_title":"Pol\u00edtica de privacidade","og_description":"Descobrir a Pol\u00edtica de Privacidade: como os teus dados pessoais s\u00e3o recolhidos, utilizados e protegidos para garantir uma experi\u00eancia de jogo segura.","og_url":"https:\/\/thecorgibet.com\/pt-pt\/politica-de-privacidade\/","og_site_name":"corgibet","article_modified_time":"2026-01-21T09:43:18+00:00","twitter_card":"summary_large_image","twitter_misc":{"Est. reading time":"3 minutos"},"schema":{"@context":"https:\/\/schema.org","@graph":[{"@type":"WebPage","@id":"https:\/\/thecorgibet.com\/pt-pt\/politica-de-privacidade\/","url":"https:\/\/thecorgibet.com\/pt-pt\/politica-de-privacidade\/","name":"Pol\u00edtica de privacidade","isPartOf":{"@id":"https:\/\/thecorgibet.com\/pt-pt\/#website"},"datePublished":"2024-10-27T11:38:29+00:00","dateModified":"2026-01-21T09:43:18+00:00","description":"Descobrir a Pol\u00edtica de Privacidade: como os teus dados pessoais s\u00e3o recolhidos, utilizados e protegidos para garantir uma experi\u00eancia de jogo segura.","breadcrumb":{"@id":"https:\/\/thecorgibet.com\/pt-pt\/politica-de-privacidade\/#breadcrumb"},"inLanguage":"pt-PT","potentialAction":[{"@type":"ReadAction","target":["https:\/\/thecorgibet.com\/pt-pt\/politica-de-privacidade\/"]}]},{"@type":"BreadcrumbList","@id":"https:\/\/thecorgibet.com\/pt-pt\/politica-de-privacidade\/#breadcrumb","itemListElement":[{"@type":"ListItem","position":1,"name":"Corgibet","item":"https:\/\/thecorgibet.com\/pt-pt\/"},{"@type":"ListItem","position":2,"name":"Pol\u00edtica de privacidade"}]},{"@type":"WebSite","@id":"https:\/\/thecorgibet.com\/pt-pt\/#website","url":"https:\/\/thecorgibet.com\/pt-pt\/","name":"Corgibet","description":"","publisher":{"@id":"https:\/\/thecorgibet.com\/pt-pt\/#organization"},"potentialAction":[{"@type":"SearchAction","target":{"@type":"EntryPoint","urlTemplate":"https:\/\/thecorgibet.com\/pt-pt\/?s={search_term_string}"},"query-input":{"@type":"PropertyValueSpecification","valueRequired":true,"valueName":"search_term_string"}}],"inLanguage":"pt-PT"},{"@type":"Organization","@id":"https:\/\/thecorgibet.com\/pt-pt\/#organization","name":"Corgibet","url":"https:\/\/thecorgibet.com\/pt-pt\/","logo":{"@type":"ImageObject","inLanguage":"pt-PT","@id":"https:\/\/thecorgibet.com\/pt-pt\/#\/schema\/logo\/image\/","url":"https:\/\/thecorgibet.com\/wp-content\/uploads\/2026\/01\/Casino-logo-Mobile-2.svg","contentUrl":"https:\/\/thecorgibet.com\/wp-content\/uploads\/2026\/01\/Casino-logo-Mobile-2.svg","width":47,"height":24,"caption":"Corgibet"},"image":{"@id":"https:\/\/thecorgibet.com\/pt-pt\/#\/schema\/logo\/image\/"}}]}},"_links":{"self":[{"href":"https:\/\/thecorgibet.com\/pt-pt\/wp-json\/wp\/v2\/pages\/1435"}],"collection":[{"href":"https:\/\/thecorgibet.com\/pt-pt\/wp-json\/wp\/v2\/pages"}],"about":[{"href":"https:\/\/thecorgibet.com\/pt-pt\/wp-json\/wp\/v2\/types\/page"}],"author":[{"embeddable":true,"href":"https:\/\/thecorgibet.com\/pt-pt\/wp-json\/wp\/v2\/users\/1"}],"replies":[{"embeddable":true,"href":"https:\/\/thecorgibet.com\/pt-pt\/wp-json\/wp\/v2\/comments?post=1435"}],"version-history":[{"count":2,"href":"https:\/\/thecorgibet.com\/pt-pt\/wp-json\/wp\/v2\/pages\/1435\/revisions"}],"predecessor-version":[{"id":1686,"href":"https:\/\/thecorgibet.com\/pt-pt\/wp-json\/wp\/v2\/pages\/1435\/revisions\/1686"}],"wp:attachment":[{"href":"https:\/\/thecorgibet.com\/pt-pt\/wp-json\/wp\/v2\/media?parent=1435"}],"curies":[{"name":"wp","href":"https:\/\/api.w.org\/{rel}","templated":true}]}}